{"id":5,"date":"2011-02-23T20:31:39","date_gmt":"2011-02-23T19:31:39","guid":{"rendered":"http:\/\/www.picnote.fr\/wordpress\/?page_id=5"},"modified":"2019-04-14T11:31:57","modified_gmt":"2019-04-14T10:31:57","slug":"groupe","status":"publish","type":"page","link":"http:\/\/www.picnote.fr\/?page_id=5","title":{"rendered":"Le groupe"},"content":{"rendered":"<p><a href=\"http:\/\/www.picnote.fr\/wp-content\/uploads\/2019\/04\/pnf-laurie.jpg\"><img decoding=\"async\" loading=\"lazy\" class=\"size-full wp-image-80 alignright\" title=\"pnf laurie\" src=\"http:\/\/www.picnote.fr\/wp-content\/uploads\/2019\/04\/pnf-laurie.jpg\" alt=\"\" width=\"120\" height=\"150\" \/><\/a><\/p>\n<p style=\"text-align: right;\"><strong>Laurie G\u00e9rard<\/strong>: piano, chants<\/p>\n<p><a href=\"http:\/\/www.picnote.fr\/wordpress\/wp-content\/uploads\/2011\/02\/BertPic110409-web1.png\"><img decoding=\"async\" loading=\"lazy\" class=\"alignnone size-full wp-image-77\" title=\"BertPic110409-web\" src=\"http:\/\/www.picnote.fr\/wordpress\/wp-content\/uploads\/2011\/02\/BertPic110409-web1.png\" alt=\"\" width=\"120\" height=\"150\" \/><\/a><strong> Bertrand Bobin<\/strong>:\u00a0 flutes, cornemuses, bombarde, bugle, clarinette, chants<\/p>\n<p><a href=\"http:\/\/www.picnote.fr\/wordpress\/wp-content\/uploads\/2011\/02\/JerPic110409-web1.png\"><img decoding=\"async\" loading=\"lazy\" class=\"size-full wp-image-80 alignright\" title=\"JerPic110409-web\" src=\"http:\/\/www.picnote.fr\/wp-content\/uploads\/2011\/02\/JerPic110409-web11.png\" alt=\"\" width=\"120\" height=\"150\" \/><\/a><\/p>\n<p style=\"text-align: right;\"><strong>J\u00e9r\u00f4me Pamart<\/strong>: accord\u00e9on, guitare, chants<\/p>\n<p><a href=\"http:\/\/www.picnote.fr\/wp-content\/uploads\/2011\/02\/Ken.jpg\"><img decoding=\"async\" loading=\"lazy\" title=\"EmmPic110409-web\" src=\"http:\/\/www.picnote.fr\/wp-content\/uploads\/2011\/02\/Ken.jpg\" alt=\"\" width=\"120\" height=\"150\" \/><\/a> <strong>Ken Parassouramin<\/strong>: batterie, percussions ethniques, chants<\/p>\n<p><a href=\"http:\/\/www.picnote.fr\/wordpress\/wp-content\/uploads\/2011\/02\/JPolPic110409-web1.png\"><img decoding=\"async\" loading=\"lazy\" class=\"size-full wp-image-75 alignright\" title=\"JPolPic110409-web\" src=\"http:\/\/www.picnote.fr\/wp-content\/uploads\/2011\/02\/JPolPic110409-web11.png\" alt=\"\" width=\"120\" height=\"150\" \/><\/a><\/p>\n<p style=\"text-align: right;\"><strong>Jean-Paul R\u00e9gnier<\/strong>: contrebasse, basse, chants<\/p>\n<p><a href=\"http:\/\/www.picnote.fr\/wordpress\/wp-content\/uploads\/2011\/02\/FredPic110409-web.png\"><img decoding=\"async\" loading=\"lazy\" class=\"alignnone size-full wp-image-81\" title=\"FredPic110409-web\" src=\"http:\/\/www.picnote.fr\/wordpress\/wp-content\/uploads\/2011\/02\/FredPic110409-web.png\" alt=\"\" width=\"120\" height=\"150\" \/><\/a> <strong>Fred Varela<\/strong>: guitare, luth, harmonica, chants<\/p>\n<h3><span style=\"text-decoration: underline;\"><strong>Avec la participation amicale de<\/strong><\/span><strong>:<\/strong><\/h3>\n<p><a href=\"http:\/\/www.picnote.fr\/wordpress\/wp-content\/uploads\/2011\/02\/PatPic110409-web4.png\"><img decoding=\"async\" loading=\"lazy\" class=\"alignright\" title=\"PatPic110409-web\" src=\"http:\/\/www.picnote.fr\/wordpress\/wp-content\/uploads\/2011\/02\/PatPic110409-web4.png\" alt=\"\" width=\"120\" height=\"150\" \/><\/a><\/p>\n<p style=\"text-align: right;\"><strong>Patrice Bidaut<\/strong><\/p>\n<p><a href=\"http:\/\/www.picnote.fr\/wordpress\/wp-content\/uploads\/2011\/02\/EmmPic110409-web.png\"><img decoding=\"async\" loading=\"lazy\" title=\"EmmPic110409-web\" src=\"http:\/\/www.picnote.fr\/wordpress\/wp-content\/uploads\/2011\/02\/EmmPic110409-web.png\" alt=\"\" width=\"120\" height=\"150\" \/><\/a> <strong>Emmanuel M\u00e9rigot<\/strong><\/p>\n<p><a href=\"http:\/\/www.picnote.fr\/wp-content\/uploads\/2011\/02\/jeff.jpg\"><img decoding=\"async\" loading=\"lazy\" class=\"alignright\" title=\"EmmPic110409-web\" src=\"http:\/\/www.picnote.fr\/wp-content\/uploads\/2011\/02\/jeff.jpg\" alt=\"\" width=\"120\" height=\"150\" \/><\/a><\/p>\n<p style=\"text-align: right;\"><strong>Jean Fran\u00e7ois Techer<\/strong><\/p>\n<p><a href=\"http:\/\/www.picnote.fr\/wp-content\/uploads\/2011\/02\/justine.jpg\"><img decoding=\"async\" loading=\"lazy\" title=\"EmmPic110409-web\" src=\"http:\/\/www.picnote.fr\/wp-content\/uploads\/2011\/02\/justine.jpg\" alt=\"\" width=\"120\" height=\"150\" \/><\/a> <strong>Justine Vogt<\/strong><\/p>\n<p><a href=\"http:\/\/www.picnote.fr\/wp-content\/uploads\/2011\/02\/romain.jpg\"><img decoding=\"async\" loading=\"lazy\" class=\"alignright\" title=\"EmmPic110409-web\" src=\"http:\/\/www.picnote.fr\/wp-content\/uploads\/2011\/02\/romain.jpg\" alt=\"\" width=\"120\" height=\"150\" \/><\/a><\/p>\n<p style=\"text-align: right;\"><strong>Romain Pamart<\/strong><\/p>\n","protected":false},"excerpt":{"rendered":"<p>Laurie G\u00e9rard: piano, chants Bertrand Bobin:\u00a0 flutes, cornemuses, bombarde, bugle, clarinette, chants J\u00e9r\u00f4me Pamart: accord\u00e9on, guitare, chants Ken Parassouramin: batterie, percussions ethniques, chants Jean-Paul R\u00e9gnier: contrebasse, basse, chants Fred Varela: guitare, luth, harmonica, chants Avec la participation amicale de: Patrice &hellip; <a href=\"http:\/\/www.picnote.fr\/?page_id=5\">Continuer la lecture <span class=\"meta-nav\">&rarr;<\/span><\/a><\/p>\n","protected":false},"author":1,"featured_media":0,"parent":0,"menu_order":1,"comment_status":"closed","ping_status":"open","template":"","meta":[],"_links":{"self":[{"href":"http:\/\/www.picnote.fr\/index.php?rest_route=\/wp\/v2\/pages\/5"}],"collection":[{"href":"http:\/\/www.picnote.fr\/index.php?rest_route=\/wp\/v2\/pages"}],"about":[{"href":"http:\/\/www.picnote.fr\/index.php?rest_route=\/wp\/v2\/types\/page"}],"author":[{"embeddable":true,"href":"http:\/\/www.picnote.fr\/index.php?rest_route=\/wp\/v2\/users\/1"}],"replies":[{"embeddable":true,"href":"http:\/\/www.picnote.fr\/index.php?rest_route=%2Fwp%2Fv2%2Fcomments&post=5"}],"version-history":[{"count":34,"href":"http:\/\/www.picnote.fr\/index.php?rest_route=\/wp\/v2\/pages\/5\/revisions"}],"predecessor-version":[{"id":1160,"href":"http:\/\/www.picnote.fr\/index.php?rest_route=\/wp\/v2\/pages\/5\/revisions\/1160"}],"wp:attachment":[{"href":"http:\/\/www.picnote.fr\/index.php?rest_route=%2Fwp%2Fv2%2Fmedia&parent=5"}],"curies":[{"name":"wp","href":"https:\/\/api.w.org\/{rel}","templated":true}]}}